{"id":2573,"date":"2026-04-02T10:26:47","date_gmt":"2026-04-02T08:26:47","guid":{"rendered":"http:\/\/localhost\/la%20ligne%20de%20cr%C3%AAte\/?page_id=2573"},"modified":"2026-04-08T14:08:37","modified_gmt":"2026-04-08T12:08:37","slug":"contact","status":"publish","type":"page","link":"http:\/\/iserois.es\/contact\/","title":{"rendered":"Contact"},"content":{"rendered":"\t\t<div data-elementor-type=\"wp-page\" data-elementor-id=\"2573\" class=\"elementor elementor-2573\">\n\t\t\t\t<div class=\"elementor-element elementor-element-d4b15bc e-flex e-con-boxed e-con e-parent\" data-id=\"d4b15bc\" data-element_type=\"container\" data-e-type=\"container\" id=\"page-top\" data-settings=\"{&quot;background_background&quot;:&quot;classic&quot;}\">\n\t\t\t\t\t<div class=\"e-con-inner\">\n\t\t<div class=\"elementor-element elementor-element-60196d5 e-con-full e-flex e-con e-child\" data-id=\"60196d5\" data-element_type=\"container\" data-e-type=\"container\">\n\t\t\t\t<div class=\"elementor-element elementor-element-3ee1091 elementor-icon-list--layout-inline elementor-list-item-link-full_width elementor-widget elementor-widget-icon-list\" data-id=\"3ee1091\" data-element_type=\"widget\" data-e-type=\"widget\" data-widget_type=\"icon-list.default\">\n\t\t\t\t\t\t\t<ul class=\"elementor-icon-list-items elementor-inline-items\">\n\t\t\t\t\t\t\t<li class=\"elementor-icon-list-item elementor-inline-item\">\n\t\t\t\t\t\t\t\t\t\t\t<span class=\"elementor-icon-list-icon\">\n\t\t\t\t\t\t\t<i aria-hidden=\"true\" class=\"icon icon-settings1\"><\/i>\t\t\t\t\t\t<\/span>\n\t\t\t\t\t\t\t\t\t\t<span class=\"elementor-icon-list-text\">CONTACT<\/span>\n\t\t\t\t\t\t\t\t\t<\/li>\n\t\t\t\t\t\t<\/ul>\n\t\t\t\t\t\t<\/div>\n\t\t\t\t<div class=\"elementor-element elementor-element-78d99dc elementor-view-framed elementor-shape-circle elementor-widget elementor-widget-icon\" data-id=\"78d99dc\" data-element_type=\"widget\" data-e-type=\"widget\" data-widget_type=\"icon.default\">\n\t\t\t\t\t\t\t<div class=\"elementor-icon-wrapper\">\n\t\t\t<a class=\"elementor-icon\" href=\"#content\">\n\t\t\t<svg aria-hidden=\"true\" class=\"e-font-icon-svg e-fas-angle-double-down\" viewBox=\"0 0 320 512\" xmlns=\"http:\/\/www.w3.org\/2000\/svg\"><path d=\"M143 256.3L7 120.3c-9.4-9.4-9.4-24.6 0-33.9l22.6-22.6c9.4-9.4 24.6-9.4 33.9 0l96.4 96.4 96.4-96.4c9.4-9.4 24.6-9.4 33.9 0L313 86.3c9.4 9.4 9.4 24.6 0 33.9l-136 136c-9.4 9.5-24.6 9.5-34 .1zm34 192l136-136c9.4-9.4 9.4-24.6 0-33.9l-22.6-22.6c-9.4-9.4-24.6-9.4-33.9 0L160 352.1l-96.4-96.4c-9.4-9.4-24.6-9.4-33.9 0L7 278.3c-9.4 9.4-9.4 24.6 0 33.9l136 136c9.4 9.5 24.6 9.5 34 .1z\"><\/path><\/svg>\t\t\t<\/a>\n\t\t<\/div>\n\t\t\t\t\t\t<\/div>\n\t\t\t\t<\/div>\n\t\t\t\t\t<\/div>\n\t\t\t\t<\/div>\n\t\t<div class=\"elementor-element elementor-element-cccec9c e-flex e-con-boxed e-con e-parent\" data-id=\"cccec9c\" data-element_type=\"container\" data-e-type=\"container\" id=\"content\">\n\t\t\t\t\t<div class=\"e-con-inner\">\n\t\t\t\t<div class=\"elementor-element elementor-element-fda869a elementor-widget elementor-widget-text-editor\" data-id=\"fda869a\" data-element_type=\"widget\" data-e-type=\"widget\" data-widget_type=\"text-editor.default\">\n\t\t\t\t\t\t\t\t\t<p><strong>stephanegemmani@gmail.com<\/strong><\/p><p><strong>stephane.gemmani@auvergnerhonealpes.eu<\/strong><\/p><p>+33610.272.464<\/p><p>Groupe Socialiste, D\u00e9mocrate, \u00c9cologiste et Apparent\u00e9s &#8211;\u00a0<strong>R\u00e9gion Auvergne-Rh\u00f4ne-Alpes<\/strong>\u00a0&#8211; 1 esplanade Fran\u00e7ois Mitterrand &#8211; CS 20033 &#8211; 69269 LYON CEDEX 02<\/p><p><a title=\"Twitter de St\u00e9phane Gemmani\" href=\"https:\/\/twitter.com\/stephanegemmani\" hreflang=\"fr\">Twitter<\/a>\u00a0&#8211;\u00a0<a title=\"Facebook de St\u00e9phane Gemmani\" href=\"https:\/\/www.facebook.com\/stephane.gemmani\" hreflang=\"fr\">Facebook<\/a>\u00a0&#8211;\u00a0<a href=\"https:\/\/plus.google.com\/u\/0\/107375484712645481817\" hreflang=\"fr\">Google<\/a>+ &#8211;\u00a0<a title=\"Instagram de St\u00e9phane Gemmani\" href=\"https:\/\/www.instagram.com\/stephanegemmani\/\" hreflang=\"fr\">Instagram<\/a>\u00a0&#8211;\u00a0<a title=\"Portfolio de St\u00e9phane GEMMANI \u00a9\" href=\"https:\/\/www.flickr.com\/gp\/stephanegemmani\/9h113p\" hreflang=\"fr\">Flickr<\/a>\u00a0&#8211;\u00a0<a title=\"Linkedin de St\u00e9phane Gemmani\" href=\"https:\/\/www.linkedin.com\/in\/st%C3%A9phane-gemmani-92041734\" hreflang=\"fr\">Linkedin<\/a>\u00a0&#8211;\u00a0<a title=\"Vine de St\u00e9phane Gemmani\" href=\"https:\/\/vine.co\/u\/939882251183890432\" hreflang=\"fr\">Vine<\/a><\/p><p>Mes articles sur\u00a0<a title=\"Les articles de St\u00e9phane Gemmani sur le Huffington Post\" href=\"http:\/\/www.huffingtonpost.fr\/stephane-gemmani\/\" hreflang=\"fr\"><img decoding=\"async\" title=\"HuffPostFrance.jpg, mar. 2016\" src=\"https:\/\/stephanegemmani.fr\/public\/2016\/.HuffPostFrance_m.jpg\" alt=\"HuffPostFrance.jpg\" \/><\/a><\/p>\t\t\t\t\t\t\t\t<\/div>\n\t\t\t\t\t<\/div>\n\t\t\t\t<\/div>\n\t\t<div class=\"elementor-element elementor-element-189e8e2 e-flex e-con-boxed e-con e-parent\" data-id=\"189e8e2\" data-element_type=\"container\" data-e-type=\"container\">\n\t\t\t\t\t<div class=\"e-con-inner\">\n\t\t<div class=\"elementor-element elementor-element-dfe269b e-con-full e-flex e-con e-child\" data-id=\"dfe269b\" data-element_type=\"container\" data-e-type=\"container\" data-settings=\"{&quot;background_background&quot;:&quot;classic&quot;}\">\n\t\t\t\t<div class=\"elementor-element elementor-element-f365165 elementor-icon-list--layout-traditional elementor-list-item-link-full_width elementor-widget elementor-widget-icon-list\" data-id=\"f365165\" data-element_type=\"widget\" data-e-type=\"widget\" data-widget_type=\"icon-list.default\">\n\t\t\t\t\t\t\t<ul class=\"elementor-icon-list-items\">\n\t\t\t\t\t\t\t<li class=\"elementor-icon-list-item\">\n\t\t\t\t\t\t\t\t\t\t\t<span class=\"elementor-icon-list-icon\">\n\t\t\t\t\t\t\t<svg aria-hidden=\"true\" class=\"e-font-icon-svg e-fas-user\" viewBox=\"0 0 448 512\" xmlns=\"http:\/\/www.w3.org\/2000\/svg\"><path d=\"M224 256c70.7 0 128-57.3 128-128S294.7 0 224 0 96 57.3 96 128s57.3 128 128 128zm89.6 32h-16.7c-22.2 10.2-46.9 16-72.9 16s-50.6-5.8-72.9-16h-16.7C60.2 288 0 348.2 0 422.4V464c0 26.5 21.5 48 48 48h352c26.5 0 48-21.5 48-48v-41.6c0-74.2-60.2-134.4-134.4-134.4z\"><\/path><\/svg>\t\t\t\t\t\t<\/span>\n\t\t\t\t\t\t\t\t\t\t<span class=\"elementor-icon-list-text\">St\u00e9phane Gemmani<\/span>\n\t\t\t\t\t\t\t\t\t<\/li>\n\t\t\t\t\t\t\t\t<li class=\"elementor-icon-list-item\">\n\t\t\t\t\t\t\t\t\t\t\t<span class=\"elementor-icon-list-icon\">\n\t\t\t\t\t\t\t<svg aria-hidden=\"true\" class=\"e-font-icon-svg e-fas-calendar\" viewBox=\"0 0 448 512\" xmlns=\"http:\/\/www.w3.org\/2000\/svg\"><path d=\"M12 192h424c6.6 0 12 5.4 12 12v260c0 26.5-21.5 48-48 48H48c-26.5 0-48-21.5-48-48V204c0-6.6 5.4-12 12-12zm436-44v-36c0-26.5-21.5-48-48-48h-48V12c0-6.6-5.4-12-12-12h-40c-6.6 0-12 5.4-12 12v52H160V12c0-6.6-5.4-12-12-12h-40c-6.6 0-12 5.4-12 12v52H48C21.5 64 0 85.5 0 112v36c0 6.6 5.4 12 12 12h424c6.6 0 12-5.4 12-12z\"><\/path><\/svg>\t\t\t\t\t\t<\/span>\n\t\t\t\t\t\t\t\t\t\t<span class=\"elementor-icon-list-text\">31-01-2016<\/span>\n\t\t\t\t\t\t\t\t\t<\/li>\n\t\t\t\t\t\t<\/ul>\n\t\t\t\t\t\t<\/div>\n\t\t\t\t<\/div>\n\t\t<div class=\"elementor-element elementor-element-0526858 e-con-full e-flex e-con e-child\" data-id=\"0526858\" data-element_type=\"container\" data-e-type=\"container\" data-settings=\"{&quot;background_background&quot;:&quot;classic&quot;}\">\n\t\t\t\t<div class=\"elementor-element elementor-element-ad62276 elementor-icon-list--layout-traditional elementor-list-item-link-full_width elementor-widget elementor-widget-icon-list\" data-id=\"ad62276\" data-element_type=\"widget\" data-e-type=\"widget\" data-widget_type=\"icon-list.default\">\n\t\t\t\t\t\t\t<ul class=\"elementor-icon-list-items\">\n\t\t\t\t\t\t\t<li class=\"elementor-icon-list-item\">\n\t\t\t\t\t\t\t\t\t\t\t<a href=\"#contact_comments\">\n\n\t\t\t\t\t\t\t\t\t\t\t\t<span class=\"elementor-icon-list-icon\">\n\t\t\t\t\t\t\t<svg aria-hidden=\"true\" class=\"e-font-icon-svg e-fas-comment\" viewBox=\"0 0 512 512\" xmlns=\"http:\/\/www.w3.org\/2000\/svg\"><path d=\"M256 32C114.6 32 0 125.1 0 240c0 49.6 21.4 95 57 130.7C44.5 421.1 2.7 466 2.2 466.5c-2.2 2.3-2.8 5.7-1.5 8.7S4.8 480 8 480c66.3 0 116-31.8 140.6-51.4 32.7 12.3 69 19.4 107.4 19.4 141.4 0 256-93.1 256-208S397.4 32 256 32z\"><\/path><\/svg>\t\t\t\t\t\t<\/span>\n\t\t\t\t\t\t\t\t\t\t<span class=\"elementor-icon-list-text\">5 Commentaires<\/span>\n\t\t\t\t\t\t\t\t\t\t\t<\/a>\n\t\t\t\t\t\t\t\t\t<\/li>\n\t\t\t\t\t\t<\/ul>\n\t\t\t\t\t\t<\/div>\n\t\t\t\t<\/div>\n\t\t\t\t\t<\/div>\n\t\t\t\t<\/div>\n\t\t<div class=\"elementor-element elementor-element-0671f41 e-flex e-con-boxed e-con e-parent\" data-id=\"0671f41\" data-element_type=\"container\" data-e-type=\"container\" id=\"contact_comments\">\n\t\t\t\t\t<div class=\"e-con-inner\">\n\t\t\t\t<div class=\"elementor-element elementor-element-359ea8f elementor-widget elementor-widget-n-accordion\" data-id=\"359ea8f\" data-element_type=\"widget\" data-e-type=\"widget\" data-settings=\"{&quot;default_state&quot;:&quot;all_collapsed&quot;,&quot;max_items_expended&quot;:&quot;one&quot;,&quot;n_accordion_animation_duration&quot;:{&quot;unit&quot;:&quot;ms&quot;,&quot;size&quot;:400,&quot;sizes&quot;:[]}}\" data-widget_type=\"nested-accordion.default\">\n\t\t\t\t\t\t\t<div class=\"e-n-accordion\" aria-label=\"Accordion. Open links with Enter or Space, close with Escape, and navigate with Arrow Keys\">\n\t\t\t\t\t\t<details id=\"e-n-accordion-item-5620\" class=\"e-n-accordion-item\" >\n\t\t\t\t<summary class=\"e-n-accordion-item-title\" data-accordion-index=\"1\" tabindex=\"0\" aria-expanded=\"false\" aria-controls=\"e-n-accordion-item-5620\" >\n\t\t\t\t\t<span class='e-n-accordion-item-title-header'><div class=\"e-n-accordion-item-title-text\"> 5 Commentaires <\/div><\/span>\n\t\t\t\t\t\t\t<span class='e-n-accordion-item-title-icon'>\n\t\t\t<span class='e-opened' ><svg aria-hidden=\"true\" class=\"e-font-icon-svg e-fas-minus\" viewBox=\"0 0 448 512\" xmlns=\"http:\/\/www.w3.org\/2000\/svg\"><path d=\"M416 208H32c-17.67 0-32 14.33-32 32v32c0 17.67 14.33 32 32 32h384c17.67 0 32-14.33 32-32v-32c0-17.67-14.33-32-32-32z\"><\/path><\/svg><\/span>\n\t\t\t<span class='e-closed'><svg aria-hidden=\"true\" class=\"e-font-icon-svg e-fas-comment-dots\" viewBox=\"0 0 512 512\" xmlns=\"http:\/\/www.w3.org\/2000\/svg\"><path d=\"M256 32C114.6 32 0 125.1 0 240c0 49.6 21.4 95 57 130.7C44.5 421.1 2.7 466 2.2 466.5c-2.2 2.3-2.8 5.7-1.5 8.7S4.8 480 8 480c66.3 0 116-31.8 140.6-51.4 32.7 12.3 69 19.4 107.4 19.4 141.4 0 256-93.1 256-208S397.4 32 256 32zM128 272c-17.7 0-32-14.3-32-32s14.3-32 32-32 32 14.3 32 32-14.3 32-32 32zm128 0c-17.7 0-32-14.3-32-32s14.3-32 32-32 32 14.3 32 32-14.3 32-32 32zm128 0c-17.7 0-32-14.3-32-32s14.3-32 32-32 32 14.3 32 32-14.3 32-32 32z\"><\/path><\/svg><\/span>\n\t\t<\/span>\n\n\t\t\t\t\t\t<\/summary>\n\t\t\t\t<div role=\"region\" aria-labelledby=\"e-n-accordion-item-5620\" class=\"elementor-element elementor-element-5c0c4f8 e-con-full e-flex e-con e-child\" data-id=\"5c0c4f8\" data-element_type=\"container\" data-e-type=\"container\">\n\t\t<div role=\"region\" aria-labelledby=\"e-n-accordion-item-5620\" class=\"elementor-element elementor-element-a8c3888 e-flex e-con-boxed e-con e-child\" data-id=\"a8c3888\" data-element_type=\"container\" data-e-type=\"container\">\n\t\t\t\t\t<div class=\"e-con-inner\">\n\t\t\t\t<div class=\"elementor-element elementor-element-d6316f7 elementor-widget elementor-widget-text-editor\" data-id=\"d6316f7\" data-element_type=\"widget\" data-e-type=\"widget\" data-widget_type=\"text-editor.default\">\n\t\t\t\t\t\t\t\t\t<h3>\u00a0<\/h3><dl><dt id=\"c3278\" class=\" odd first\"><a class=\"comment-number\" href=\"https:\/\/stephanegemmani.fr\/pages\/Contact#c3278\">1.<\/a>\u00a0Le vendredi 31 mars 2017, \u00e0 16 h 12 par finet<\/dt><dd class=\" odd first\"><p>Bonjour, j&rsquo;ai appr\u00e9ci\u00e9 votre intervention sur fr3 sur Mr Wauquiez.<br \/>ci dessous un article du journal La Montagne, que vous connaissez peut \u00eatre ?<br \/>Cordialement jm finet<br \/><a title=\"http:\/\/www.lamontagne.fr\/clermont-ferrand\/sports\/rugby\/2017\/03\/27\/la-region-auvergne-rhone-alpes-derriere-l-asm_12339465.html\" href=\"http:\/\/www.lamontagne.fr\/clermont-ferrand\/sports\/rugby\/2017\/03\/27\/la-region-auvergne-rhone-alpes-derriere-l-asm_12339465.html\" rel=\"ugc nofollow\">http:\/\/www.lamontagne.fr\/clermont-f&#8230;<\/a><\/p><p>Subvention<br \/>La r\u00e9gion Auvergne-Rh\u00f4ne-Alpes derri\u00e8re l&rsquo;ASM<br \/>Laurent Wauquiez, le pr\u00e9sident de la r\u00e9gion Auvergne-Rh\u00f4ne-Alpes, \u00e9tait pr\u00e9sent au stade Michelin ce lundi. Apr\u00e8s avoir visit\u00e9 les installations, il a annonc\u00e9 le \u00ab grand retour \u00bb de la r\u00e9gion aupr\u00e8s de l&rsquo;ASM, en annon\u00e7ant notamment le versement d&rsquo;une subvention de 400.000 euros.<br \/>La r\u00e9gion Auvergne-Rh\u00f4ne-Alpes soutient le sport professionnel. Ce lundi, une d\u00e9l\u00e9gation du Conseil r\u00e9gional s&rsquo;est rendue au stade Michelin afin d&rsquo;officialiser son engagement aupr\u00e8s du club auvergnat. La r\u00e9gion va lui verser 400.000 euros, tout en conservant l&rsquo;aide attribu\u00e9e au centre de formation ( \u00ab environ 150.000 euros \u00bbdixit Laurent Wauquiez).<br \/>Le pr\u00e9sident de R\u00e9gion a d\u00e9clar\u00e9 que l&rsquo;ASM repr\u00e9sentait \u00ab toute la fiert\u00e9 du territoire \u00bb et qu&rsquo;il souhaitait au club clermontois \u00ab d&rsquo;\u00eatre un \u00e9tendard fort d&rsquo;Auvergne-Rh\u00f4ne-Alpes \u00bb.<\/p><p>Accueillis par le pr\u00e9sident De Cromi\u00e8res, Laurent Wauquiez et son \u00e9quipe ont tout d&rsquo;abord visit\u00e9 ASM Exp\u00e9rience, avant de se rendre devant l&rsquo;all\u00e9e des supporters situ\u00e9s sous la tribune Auvergne-Rh\u00f4ne-Alpes.<\/p><p>En marge de ce rendez-vous, Laurent Wauquiez a annonc\u00e9 que la r\u00e9gion AURA allait verser une subvention de 300.000 euros au Stade Aurillacois.<\/p><\/dd><dt id=\"c3297\" class=\" \"><a class=\"comment-number\" href=\"https:\/\/stephanegemmani.fr\/pages\/Contact#c3297\">2.<\/a>\u00a0Le dimanche 17 d\u00e9cembre 2017, \u00e0 17 h 20 par Michel Belakhovsky<\/dt><dd class=\" \"><p>Monsieur le Conseiller r\u00e9gional, cher St\u00e9phane,<\/p><p>En tant qu&rsquo;ancien pr\u00e9sident du CCSTI-Grenoble (\u00e0 pr\u00e9sent VP), je tiens \u00e0 te remercier vivement de ton intervention au sujet de l&rsquo;incendie de la Casemate, et qui a suscit\u00e9 un d\u00e9bat.<br \/>Gr\u00e2ce aux soutiens comme le tien, l&rsquo;\u00e9quipe professionnelle du CCSTI, tr\u00e8s marqu\u00e9e par cette agression, se trouve r\u00e9confort\u00e9e.<br \/>Je te ferai passer le CR du CA de Jeudi dernier d\u00e8s qu&rsquo;il sera finalis\u00e9, ce qui devrait te montrer que nous allons nous redresser vite.<br \/>Il reste que l&rsquo;image de Grenoble, \u00e0 travers cette agression et d&rsquo;autres dans diff\u00e9rents secteurs est touch\u00e9e, ce qui devrait susciter une r\u00e9flexion locale.<\/p><p>Bien amicalement \u00e0 toi,<br \/>Michel<\/p><\/dd><dt id=\"c3428\" class=\" odd \"><a class=\"comment-number\" href=\"https:\/\/stephanegemmani.fr\/pages\/Contact#c3428\">3.<\/a>\u00a0Le lundi 1 juillet 2019, \u00e0 13 h 30 par H<\/dt><dd class=\" odd \"><p>Bonjour monsieur, a propos de votre intervention sur les Rosas Park musulmanes, peut on rappeler \u00e0 ces idiotes incultes, que Rosa Park ne se battait pas pour aller \u00e0 la piscine avec un v\u00eatement de leur choix mais vivait dans un \u00e9tat SEGREGATIONITE o\u00f9 TOUS les NOIRS \u00e9taient discrimines, devait prendre un. Bus pour aller TRAVAILLER et pouvoir VIVRE. Y a rien de VITAL dans le fait d aller tremper ses fesses dans l eau. Alors par piti\u00e9 arr\u00eater de souiller le combat et la m\u00e9moire de cette femme .j ai mal au c\u0153ur de lire le combat de cette femme ainsi galvaud\u00e9 e. Trouvez vous vos propres ic\u00f4nes dans votre culture et arr\u00eater de piller la culture afro am\u00e9ricaine<\/p><\/dd><dt id=\"c3429\" class=\" \"><a class=\"comment-number\" href=\"https:\/\/stephanegemmani.fr\/pages\/Contact#c3429\">4.<\/a>\u00a0Le lundi 1 juillet 2019, \u00e0 13 h 31 par Herve<\/dt><dd class=\" \"><p>Bonjour monsieur, a propos de votre intervention sur les Rosas Park musulmanes, peut on rappeler \u00e0 ces idiotes incultes, que Rosa Park ne se battait pas pour aller \u00e0 la piscine avec un v\u00eatement de leur choix mais vivait dans un \u00e9tat SEGREGATIONITE o\u00f9 TOUS les NOIRS \u00e9taient discrimines, devait prendre un. Bus pour aller TRAVAILLER et pouvoir VIVRE. Y a rien de VITAL dans le fait d aller tremper ses fesses dans l eau. Alors par piti\u00e9 arr\u00eater de souiller le combat et la m\u00e9moire de cette femme .j ai mal au c\u0153ur de lire le combat de cette femme ainsi galvaud\u00e9 e. Trouvez vous vos propres ic\u00f4nes dans votre culture et arr\u00eater de piller la culture afro am\u00e9ricaine<\/p><\/dd><dt id=\"c3433\" class=\" odd \"><a class=\"comment-number\" href=\"https:\/\/stephanegemmani.fr\/pages\/Contact#c3433\">5.<\/a>\u00a0Le mercredi 3 juillet 2019, \u00e0 06 h 52 par Fanfouette<\/dt><dd class=\" odd \"><p>Merci de prendre le temps pour tous les grenoblois qui aimeraient tant retrouver une ville paisible o\u00f9 il fait bon vivre. Car j&rsquo;ai des petits enfants qui ne resteront \u00e0 Grenoble surtout pour cette ins\u00e9curit\u00e9, le soir, j&rsquo;aimerai faire partie d&rsquo;une chorale mais revenir \u00e0 10h30 le soir avec le tram, je ne peux plus le faire. Et tous ces v\u00e9los d\u00e9soss\u00e9s sur les trottoirs, j&rsquo;ai une petite fille Alsacienne, elle est scandalis\u00e9e de voir \u00e7\u00e0.Bon courage encore MERCI, j&rsquo;esp\u00e8re que les Grenoblois vont vous r\u00e9pondre.<\/p><\/dd><\/dl>\t\t\t\t\t\t\t\t<\/div>\n\t\t\t\t\t<\/div>\n\t\t\t\t<\/div>\n\t\t\t\t<\/div>\n\t\t\t\t\t<\/details>\n\t\t\t\t\t<\/div>\n\t\t\t\t\t\t<\/div>\n\t\t\t\t\t<\/div>\n\t\t\t\t<\/div>\n\t\t<div class=\"elementor-element elementor-element-808fbd0 e-flex e-con-boxed e-con e-parent\" data-id=\"808fbd0\" data-element_type=\"container\" data-e-type=\"container\">\n\t\t\t\t\t<div class=\"e-con-inner\">\n\t\t\t\t<div class=\"elementor-element elementor-element-d617509 elementor-widget elementor-widget-shortcode\" data-id=\"d617509\" data-element_type=\"widget\" data-e-type=\"widget\" data-widget_type=\"shortcode.default\">\n\t\t\t\t\t\t\t<div class=\"elementor-shortcode\">\r\n<div class=\"scb-comments-wrapper\" data-post-id=\"2573\">\r\n    \r\n    <!-- En-t\u00eate du bloc -->\r\n    <div class=\"scb-comments-header\">\r\n        <h3 class=\"scb-comments-title\">\r\n            \ud83d\udcac Laissez un commentaire        <\/h3>\r\n        <span class=\"scb-comments-count\">\r\n            0 commentaire(s)\r\n        <\/span>\r\n    <\/div>\r\n    \r\n    <!-- Liste des commentaires existants -->\r\n    <div class=\"scb-comments-list\">\r\n                    <div class=\"scb-no-comments\">\r\n                <p>\u2728 Ajouter un commentaire<\/p>\r\n            <\/div>\r\n            <\/div>\r\n    \r\n    <!-- Formulaire d'ajout de commentaire -->\r\n    <div class=\"scb-comment-form-container\">\r\n        <h4>\u270f\ufe0f \u00c9crire un commentaire<\/h4>\r\n        \r\n        <form class=\"scb-comment-form\" method=\"post\" action=\"http:\/\/iserois.es\/contact\/\">\r\n            <input type=\"hidden\" id=\"scb_comment_nonce\" name=\"scb_comment_nonce\" value=\"751207f6f6\" \/><input type=\"hidden\" name=\"_wp_http_referer\" value=\"\/index.php?rest_route=%2Fwp%2Fv2%2Fpages%2F2573\" \/>            <input type=\"hidden\" name=\"comment_post_ID\" value=\"2573\">\r\n            <input type=\"hidden\" name=\"scb_standard_comment\" value=\"1\">\r\n            \r\n            <!-- Champs pour les visiteurs non connect\u00e9s -->\r\n                            <div class=\"scb-form-group scb-row\">\r\n                    <div class=\"scb-col\">\r\n                        <label for=\"author\">Nom *<\/label>\r\n                        <input type=\"text\" name=\"author\" id=\"author\" class=\"scb-input\" required>\r\n                    <\/div>\r\n                    <div class=\"scb-col\">\r\n                        <label for=\"email\">Email *<\/label>\r\n                        <input type=\"email\" name=\"email\" id=\"email\" class=\"scb-input\" required>\r\n                    <\/div>\r\n                <\/div>\r\n                <div class=\"scb-form-group\">\r\n                    <label for=\"url\">Site web (optionnel)<\/label>\r\n                    <input type=\"url\" name=\"url\" id=\"url\" class=\"scb-input\">\r\n                <\/div>\r\n                        \r\n            <!-- Champ commentaire -->\r\n            <div class=\"scb-form-group\">\r\n                <label for=\"comment\">Votre commentaire *<\/label>\r\n                <textarea name=\"comment\" id=\"comment\" rows=\"5\" class=\"scb-textarea\" required><\/textarea>\r\n            <\/div>\r\n            \r\n            <!-- Champ parent pour les r\u00e9ponses -->\r\n            <input type=\"hidden\" name=\"comment_parent\" id=\"comment_parent\" value=\"0\">\r\n            \r\n            <!-- Indicateur de r\u00e9ponse -->\r\n            <div id=\"scb-reply-indicator\" style=\"display:none;\" class=\"scb-reply-indicator\"><\/div>\r\n            \r\n            <!-- Bouton d'envoi -->\r\n            <div class=\"scb-form-group\">\r\n                <button type=\"submit\" class=\"scb-submit-btn\" style=\"background-color: #0073aa;\">\r\n                    Envoyer le commentaire                <\/button>\r\n            <\/div>\r\n            \r\n            <!-- Zone de message -->\r\n            <div class=\"scb-message\"><\/div>\r\n        <\/form>\r\n    <\/div>\r\n<\/div>\r\n\r\n<script>\r\njQuery(document).ready(function($) {\r\n    \/\/ Gestion des r\u00e9ponses aux commentaires\r\n    $('.scb-reply-btn').on('click', function() {\r\n        var commentId = $(this).data('comment-id');\r\n        var commentAuthor = $(this).data('author');\r\n        \r\n        \/\/ Remplir le champ parent\r\n        $('#comment_parent').val(commentId);\r\n        \r\n        \/\/ Focus sur le textarea\r\n        $('#comment').focus();\r\n        \r\n        \/\/ Afficher l'indicateur de r\u00e9ponse\r\n        $('#scb-reply-indicator').html('\ud83d\udcdd Vous r\u00e9pondez \u00e0 <strong>' + commentAuthor + '<\/strong> <a href=\"#\" class=\"scb-cancel-reply\">[Annuler]<\/a>').show();\r\n        \r\n        \/\/ Annuler la r\u00e9ponse\r\n        $('.scb-cancel-reply').on('click', function(e) {\r\n            e.preventDefault();\r\n            $('#comment_parent').val('0');\r\n            $('#scb-reply-indicator').hide();\r\n        });\r\n    });\r\n});\r\n<\/script><\/div>\n\t\t\t\t\t\t<\/div>\n\t\t\t\t\t<\/div>\n\t\t\t\t<\/div>\n\t\t\t\t<\/div>\n\t\t","protected":false},"excerpt":{"rendered":"<p>CONTACT stephanegemmani@gmail.com stephane.gemmani@auvergnerhonealpes.eu +33610.272.464 Groupe Socialiste, D\u00e9mocrate, \u00c9cologiste et Apparent\u00e9s &#8211;\u00a0R\u00e9gion Auvergne-Rh\u00f4ne-Alpes\u00a0&#8211; 1 esplanade Fran\u00e7ois Mitterrand &#8211; CS 20033 &#8211; 69269 LYON CEDEX 02 Twitter\u00a0&#8211;\u00a0Facebook\u00a0&#8211;\u00a0Google+ &#8211;\u00a0Instagram\u00a0&#8211;\u00a0Flickr\u00a0&#8211;\u00a0Linkedin\u00a0&#8211;\u00a0Vine Mes articles sur\u00a0 St\u00e9phane Gemmani 31-01-2016 5 Commentaires 5 Commentaires \u00a0 1.\u00a0Le vendredi 31 mars 2017, \u00e0 16 h 12 par finet Bonjour, j&rsquo;ai appr\u00e9ci\u00e9 votre intervention sur fr3 [&hellip;]<\/p>\n","protected":false},"author":1,"featured_media":0,"parent":0,"menu_order":0,"comment_status":"closed","ping_status":"closed","template":"elementor_header_footer","meta":{"_eb_attr":"","footnotes":""},"class_list":["post-2573","page","type-page","status-publish","hentry"],"_links":{"self":[{"href":"http:\/\/iserois.es\/wp-json\/wp\/v2\/pages\/2573","targetHints":{"allow":["GET"]}}],"collection":[{"href":"http:\/\/iserois.es\/wp-json\/wp\/v2\/pages"}],"about":[{"href":"http:\/\/iserois.es\/wp-json\/wp\/v2\/types\/page"}],"author":[{"embeddable":true,"href":"http:\/\/iserois.es\/wp-json\/wp\/v2\/users\/1"}],"replies":[{"embeddable":true,"href":"http:\/\/iserois.es\/wp-json\/wp\/v2\/comments?post=2573"}],"version-history":[{"count":46,"href":"http:\/\/iserois.es\/wp-json\/wp\/v2\/pages\/2573\/revisions"}],"predecessor-version":[{"id":5440,"href":"http:\/\/iserois.es\/wp-json\/wp\/v2\/pages\/2573\/revisions\/5440"}],"wp:attachment":[{"href":"http:\/\/iserois.es\/wp-json\/wp\/v2\/media?parent=2573"}],"curies":[{"name":"wp","href":"https:\/\/api.w.org\/{rel}","templated":true}]}}