{"id":2653,"date":"2026-04-02T12:30:26","date_gmt":"2026-04-02T10:30:26","guid":{"rendered":"http:\/\/localhost\/la%20ligne%20de%20cr%C3%AAte\/?page_id=2653"},"modified":"2026-04-08T14:11:30","modified_gmt":"2026-04-08T12:11:30","slug":"grenoble","status":"publish","type":"page","link":"http:\/\/iserois.es\/grenoble\/","title":{"rendered":"Grenoble"},"content":{"rendered":"\t\t<div data-elementor-type=\"wp-page\" data-elementor-id=\"2653\" class=\"elementor elementor-2653\">\n\t\t\t\t<div class=\"elementor-element elementor-element-cb7fd9d e-flex e-con-boxed e-con e-parent\" data-id=\"cb7fd9d\" data-element_type=\"container\" data-e-type=\"container\" id=\"page-top\" data-settings=\"{&quot;background_background&quot;:&quot;classic&quot;}\">\n\t\t\t\t\t<div class=\"e-con-inner\">\n\t\t<div class=\"elementor-element elementor-element-3018fcf e-con-full e-flex e-con e-child\" data-id=\"3018fcf\" data-element_type=\"container\" data-e-type=\"container\">\n\t\t\t\t<div class=\"elementor-element elementor-element-943f226 elementor-icon-list--layout-traditional elementor-list-item-link-full_width elementor-widget elementor-widget-icon-list\" data-id=\"943f226\" data-element_type=\"widget\" data-e-type=\"widget\" data-widget_type=\"icon-list.default\">\n\t\t\t\t\t\t\t<ul class=\"elementor-icon-list-items\">\n\t\t\t\t\t\t\t<li class=\"elementor-icon-list-item\">\n\t\t\t\t\t\t\t\t\t\t\t<span class=\"elementor-icon-list-icon\">\n\t\t\t\t\t\t\t<svg aria-hidden=\"true\" class=\"e-font-icon-svg e-fas-tags\" viewBox=\"0 0 640 512\" xmlns=\"http:\/\/www.w3.org\/2000\/svg\"><path d=\"M497.941 225.941L286.059 14.059A48 48 0 0 0 252.118 0H48C21.49 0 0 21.49 0 48v204.118a48 48 0 0 0 14.059 33.941l211.882 211.882c18.744 18.745 49.136 18.746 67.882 0l204.118-204.118c18.745-18.745 18.745-49.137 0-67.882zM112 160c-26.51 0-48-21.49-48-48s21.49-48 48-48 48 21.49 48 48-21.49 48-48 48zm513.941 133.823L421.823 497.941c-18.745 18.745-49.137 18.745-67.882 0l-.36-.36L527.64 323.522c16.999-16.999 26.36-39.6 26.36-63.64s-9.362-46.641-26.36-63.64L331.397 0h48.721a48 48 0 0 1 33.941 14.059l211.882 211.882c18.745 18.745 18.745 49.137 0 67.882z\"><\/path><\/svg>\t\t\t\t\t\t<\/span>\n\t\t\t\t\t\t\t\t\t\t<span class=\"elementor-icon-list-text\">MOT CL\u00c9 : GRENOBLE<\/span>\n\t\t\t\t\t\t\t\t\t<\/li>\n\t\t\t\t\t\t<\/ul>\n\t\t\t\t\t\t<\/div>\n\t\t\t\t<div class=\"elementor-element elementor-element-bc8f00b elementor-view-framed elementor-shape-circle elementor-widget elementor-widget-icon\" data-id=\"bc8f00b\" data-element_type=\"widget\" data-e-type=\"widget\" data-widget_type=\"icon.default\">\n\t\t\t\t\t\t\t<div class=\"elementor-icon-wrapper\">\n\t\t\t<a class=\"elementor-icon\" href=\"#content\">\n\t\t\t<svg aria-hidden=\"true\" class=\"e-font-icon-svg e-fas-angle-double-down\" viewBox=\"0 0 320 512\" xmlns=\"http:\/\/www.w3.org\/2000\/svg\"><path d=\"M143 256.3L7 120.3c-9.4-9.4-9.4-24.6 0-33.9l22.6-22.6c9.4-9.4 24.6-9.4 33.9 0l96.4 96.4 96.4-96.4c9.4-9.4 24.6-9.4 33.9 0L313 86.3c9.4 9.4 9.4 24.6 0 33.9l-136 136c-9.4 9.5-24.6 9.5-34 .1zm34 192l136-136c9.4-9.4 9.4-24.6 0-33.9l-22.6-22.6c-9.4-9.4-24.6-9.4-33.9 0L160 352.1l-96.4-96.4c-9.4-9.4-24.6-9.4-33.9 0L7 278.3c-9.4 9.4-9.4 24.6 0 33.9l136 136c9.4 9.5 24.6 9.5 34 .1z\"><\/path><\/svg>\t\t\t<\/a>\n\t\t<\/div>\n\t\t\t\t\t\t<\/div>\n\t\t\t\t<\/div>\n\t\t\t\t\t<\/div>\n\t\t\t\t<\/div>\n\t\t<div class=\"elementor-element elementor-element-8e78861 e-flex e-con-boxed e-con e-parent\" data-id=\"8e78861\" data-element_type=\"container\" data-e-type=\"container\" id=\"content\">\n\t\t\t\t\t<div class=\"e-con-inner\">\n\t\t\t\t<div class=\"elementor-element elementor-element-26c7c75 elementor-widget elementor-widget-shortcode\" data-id=\"26c7c75\" data-element_type=\"widget\" data-e-type=\"widget\" data-widget_type=\"shortcode.default\">\n\t\t\t\t\t\t\t<div class=\"elementor-shortcode\"><div class=\"cpl-container\"><article class=\"cpl-card\">\r\n\r\n    <h2 class=\"cpl-title\">\r\n        <a href=\"http:\/\/iserois.es\/2026-02-13-lentre-soi-ou-le-peuple\/\">L\u2019entre-soi ou le peuple<\/a>\r\n    <\/h2>\r\n\r\n    <div class=\"cpl-excerpt\">\r\n        <p>Je viens de lire dans Le Parisien que <strong><a href=\"http:\/\/iserois.es\/tag\/alice-coffin\" class=\"tag-link\">Alice Coffin<\/a><\/strong> ne sera plus conseill\u00e8re \u00e0 Paris, son nom ayant \u00e9t\u00e9 ray\u00e9 des listes.<\/p>\n    <\/div>\r\n\r\n    <a class=\"cpl-readmore\" href=\"http:\/\/iserois.es\/2026-02-13-lentre-soi-ou-le-peuple\/\">\r\n        Lire la suite\r\n    <\/a>\r\n\r\n    <div class=\"cpl-meta-box\">\r\n\r\n    <!-- COLONNE 1 -->\r\n    <div class=\"cpl-col\">\r\n        <div>\r\n            \ud83d\udc64 <a href=\"http:\/\/iserois.es\/2026-02-13-lentre-soi-ou-le-peuple\/\">\r\n                St\u00e9phane Gemmani            <\/a>\r\n        <\/div>\r\n\r\n        <div>\r\n            \ud83d\udcc5 <a href=\"http:\/\/iserois.es\/2026-02-13-lentre-soi-ou-le-peuple\/\">\r\n                13-02-2026            <\/a>\r\n        <\/div>\r\n\r\n        <div>\r\n            \ud83d\udcc2 <a href=\"http:\/\/iserois.es\/2026-02-13-lentre-soi-ou-le-peuple\/\">\r\n                <a href=\"http:\/\/iserois.es\/category\/coup-de-gueule\/\" rel=\"category tag\">Coup de Gueule<\/a>            <\/a>\r\n        <\/div>\r\n    <\/div>\r\n\r\n    <!-- COLONNE 2 -->\r\n    <div class=\"cpl-col\">\r\n        <div>\r\n            \ud83c\udff7\ufe0f <a href=\"http:\/\/iserois.es\/tag\/alice-coffin\/\">Alice Coffin<\/a> \ud83c\udff7\ufe0f <a href=\"http:\/\/iserois.es\/tag\/apparatchiks\/\">apparatchiks<\/a> \ud83c\udff7\ufe0f <a href=\"http:\/\/iserois.es\/tag\/collaborateurs\/\">collaborateurs<\/a> \ud83c\udff7\ufe0f <a href=\"http:\/\/iserois.es\/tag\/grenoble\/\">Grenoble<\/a> \ud83c\udff7\ufe0f <a href=\"http:\/\/iserois.es\/tag\/paris\/\">Paris<\/a>         <\/div>\r\n    <\/div>\r\n\r\n    <!-- COLONNE 3 -->\r\n    <div class=\"cpl-col\">\r\n        <div>\r\n            \ud83d\udcac \r\n            <a href=\"http:\/\/iserois.es\/2026-02-13-lentre-soi-ou-le-peuple\/#respond\">Aucun commentaire<\/a>        <\/div>\r\n    <\/div>\r\n\r\n<\/div>\r\n<\/article><article class=\"cpl-card\">\r\n\r\n    <h2 class=\"cpl-title\">\r\n        <a href=\"http:\/\/iserois.es\/2026-02-09-quand-lunion-des-droites-sorganise-grenoble-nest-pas-a-labri\/\">Quand l\u2019union des droites s\u2019organise : Grenoble n\u2019est pas \u00e0 l\u2019abri<\/a>\r\n    <\/h2>\r\n\r\n    <div class=\"cpl-excerpt\">\r\n        <p>Je ne veux pas rejouer les Cassandre. Ni me poser en proph\u00e8te de malheur. Mais ce qui se met en place aujourd\u2019hui, je le dis depuis pr\u00e8s de dix ans : la droite dite r\u00e9publicaine ne se contente plus de flirter avec les th\u00e8ses de l\u2019<strong><a href=\"http:\/\/iserois.es\/?tag=extreme-droite\" class=\"tag-link\">extr\u00eame droite<\/a><\/strong>, elle pr\u00e9pare les conditions d\u2019une union assum\u00e9e, locale comme nationale.<\/p>\n    <\/div>\r\n\r\n    <a class=\"cpl-readmore\" href=\"http:\/\/iserois.es\/2026-02-09-quand-lunion-des-droites-sorganise-grenoble-nest-pas-a-labri\/\">\r\n        Lire la suite\r\n    <\/a>\r\n\r\n    <div class=\"cpl-meta-box\">\r\n\r\n    <!-- COLONNE 1 -->\r\n    <div class=\"cpl-col\">\r\n        <div>\r\n            \ud83d\udc64 <a href=\"http:\/\/iserois.es\/2026-02-09-quand-lunion-des-droites-sorganise-grenoble-nest-pas-a-labri\/\">\r\n                St\u00e9phane Gemmani            <\/a>\r\n        <\/div>\r\n\r\n        <div>\r\n            \ud83d\udcc5 <a href=\"http:\/\/iserois.es\/2026-02-09-quand-lunion-des-droites-sorganise-grenoble-nest-pas-a-labri\/\">\r\n                09-02-2026            <\/a>\r\n        <\/div>\r\n\r\n        <div>\r\n            \ud83d\udcc2 <a href=\"http:\/\/iserois.es\/2026-02-09-quand-lunion-des-droites-sorganise-grenoble-nest-pas-a-labri\/\">\r\n                <a href=\"http:\/\/iserois.es\/category\/reflexions\/\" rel=\"category tag\">Reflexions<\/a>            <\/a>\r\n        <\/div>\r\n    <\/div>\r\n\r\n    <!-- COLONNE 2 -->\r\n    <div class=\"cpl-col\">\r\n        <div>\r\n            \ud83c\udff7\ufe0f <a href=\"http:\/\/iserois.es\/tag\/alain-carignon\/\">Alain Carignon<\/a> \ud83c\udff7\ufe0f <a href=\"http:\/\/iserois.es\/tag\/alexandre-lacroix\/\">Alexandre Lacroix<\/a> \ud83c\udff7\ufe0f <a href=\"http:\/\/iserois.es\/tag\/auvergne-rhone-alpes\/\">Auvergne-Rh\u00f4ne-Alpes<\/a> \ud83c\udff7\ufe0f <a href=\"http:\/\/iserois.es\/tag\/clement-chappet\/\">Cl\u00e9ment Chappet<\/a> \ud83c\udff7\ufe0f <a href=\"http:\/\/iserois.es\/tag\/emilie-chalas\/\">\u00c9milie Chalas<\/a> \ud83c\udff7\ufe0f <a href=\"http:\/\/iserois.es\/tag\/extreme-droite\/\">extreme-droite<\/a> \ud83c\udff7\ufe0f <a href=\"http:\/\/iserois.es\/tag\/grenoble\/\">Grenoble<\/a> \ud83c\udff7\ufe0f <a href=\"http:\/\/iserois.es\/tag\/hanane-mansouri\/\">Hanane Mansouri<\/a> \ud83c\udff7\ufe0f <a href=\"http:\/\/iserois.es\/tag\/pierre-edouard-cardinal\/\">Pierre-\u00c9douard Cardinal<\/a> \ud83c\udff7\ufe0f <a href=\"http:\/\/iserois.es\/tag\/rassemblement-national\/\">Rassemblement national<\/a> \ud83c\udff7\ufe0f <a href=\"http:\/\/iserois.es\/tag\/union-des-droites\/\">union des droites<\/a> \ud83c\udff7\ufe0f <a href=\"http:\/\/iserois.es\/tag\/valentin-gabriac\/\">Valentin Gabriac<\/a> \ud83c\udff7\ufe0f <a href=\"http:\/\/iserois.es\/tag\/wauquiez\/\">WAUQUIEZ<\/a>         <\/div>\r\n    <\/div>\r\n\r\n    <!-- COLONNE 3 -->\r\n    <div class=\"cpl-col\">\r\n        <div>\r\n            \ud83d\udcac \r\n            <a href=\"http:\/\/iserois.es\/2026-02-09-quand-lunion-des-droites-sorganise-grenoble-nest-pas-a-labri\/#respond\">Aucun commentaire<\/a>        <\/div>\r\n    <\/div>\r\n\r\n<\/div>\r\n<\/article><article class=\"cpl-card\">\r\n\r\n    <h2 class=\"cpl-title\">\r\n        <a href=\"http:\/\/iserois.es\/2026-01-28-je-suspends-mes-fonctions-parce-que-je-reste-socialiste\/\">Je suspends mes fonctions parce que je reste socialiste<\/a>\r\n    <\/h2>\r\n\r\n    <div class=\"cpl-excerpt\">\r\n        <p>Ch\u00e8res et chers camarades,\n<\/p>\n<p>\u00c0 l\u2019heure des messages courts et des pens\u00e9es h\u00e2tives, ce texte peut sembler long. Et il l\u2019est. Mais ce que j\u2019ai \u00e0 dire ne tient pas dans un soupir. Il a besoin d\u2019espace pour rester juste.<\/p>\n    <\/div>\r\n\r\n    <a class=\"cpl-readmore\" href=\"http:\/\/iserois.es\/2026-01-28-je-suspends-mes-fonctions-parce-que-je-reste-socialiste\/\">\r\n        Lire la suite\r\n    <\/a>\r\n\r\n    <div class=\"cpl-meta-box\">\r\n\r\n    <!-- COLONNE 1 -->\r\n    <div class=\"cpl-col\">\r\n        <div>\r\n            \ud83d\udc64 <a href=\"http:\/\/iserois.es\/2026-01-28-je-suspends-mes-fonctions-parce-que-je-reste-socialiste\/\">\r\n                St\u00e9phane Gemmani            <\/a>\r\n        <\/div>\r\n\r\n        <div>\r\n            \ud83d\udcc5 <a href=\"http:\/\/iserois.es\/2026-01-28-je-suspends-mes-fonctions-parce-que-je-reste-socialiste\/\">\r\n                28-01-2026            <\/a>\r\n        <\/div>\r\n\r\n        <div>\r\n            \ud83d\udcc2 <a href=\"http:\/\/iserois.es\/2026-01-28-je-suspends-mes-fonctions-parce-que-je-reste-socialiste\/\">\r\n                <a href=\"http:\/\/iserois.es\/category\/reflexions\/\" rel=\"category tag\">Reflexions<\/a>            <\/a>\r\n        <\/div>\r\n    <\/div>\r\n\r\n    <!-- COLONNE 2 -->\r\n    <div class=\"cpl-col\">\r\n        <div>\r\n            \ud83c\udff7\ufe0f <a href=\"http:\/\/iserois.es\/tag\/engagements\/\">engagements<\/a> \ud83c\udff7\ufe0f <a href=\"http:\/\/iserois.es\/tag\/grenoble\/\">Grenoble<\/a> \ud83c\udff7\ufe0f <a href=\"http:\/\/iserois.es\/tag\/region\/\">R\u00e9gion<\/a> \ud83c\udff7\ufe0f <a href=\"http:\/\/iserois.es\/tag\/socialiste\/\">socialiste<\/a>         <\/div>\r\n    <\/div>\r\n\r\n    <!-- COLONNE 3 -->\r\n    <div class=\"cpl-col\">\r\n        <div>\r\n            \ud83d\udcac \r\n            <a href=\"http:\/\/iserois.es\/2026-01-28-je-suspends-mes-fonctions-parce-que-je-reste-socialiste\/#respond\">Aucun commentaire<\/a>        <\/div>\r\n    <\/div>\r\n\r\n<\/div>\r\n<\/article><article class=\"cpl-card\">\r\n\r\n    <h2 class=\"cpl-title\">\r\n        <a href=\"http:\/\/iserois.es\/2025-12-01-la-ligne-de-crete\/\">La ligne de cr\u00eate\u2026<\/a>\r\n    <\/h2>\r\n\r\n    <div class=\"cpl-excerpt\">\r\n        <p>Sollicit\u00e9, questionn\u00e9, parfois bouscul\u00e9 ces derniers jours, je pr\u00e9f\u00e8re \u00e9claircir les choses une bonne fois pour toutes plut\u00f4t que de r\u00e9p\u00e9ter les m\u00eames explications. Alors je vais dire ce qu\u2019il en est, tel que je le per\u00e7ois, et en esp\u00e9rant parfois me tromper, et pourquoi tout cela a aujourd\u2019hui du sens pour moi. Sans d\u00e9tour.<\/p>\n    <\/div>\r\n\r\n    <a class=\"cpl-readmore\" href=\"http:\/\/iserois.es\/2025-12-01-la-ligne-de-crete\/\">\r\n        Lire la suite\r\n    <\/a>\r\n\r\n    <div class=\"cpl-meta-box\">\r\n\r\n    <!-- COLONNE 1 -->\r\n    <div class=\"cpl-col\">\r\n        <div>\r\n            \ud83d\udc64 <a href=\"http:\/\/iserois.es\/2025-12-01-la-ligne-de-crete\/\">\r\n                St\u00e9phane Gemmani            <\/a>\r\n        <\/div>\r\n\r\n        <div>\r\n            \ud83d\udcc5 <a href=\"http:\/\/iserois.es\/2025-12-01-la-ligne-de-crete\/\">\r\n                01-12-2025            <\/a>\r\n        <\/div>\r\n\r\n        <div>\r\n            \ud83d\udcc2 <a href=\"http:\/\/iserois.es\/2025-12-01-la-ligne-de-crete\/\">\r\n                <a href=\"http:\/\/iserois.es\/category\/reflexions\/\" rel=\"category tag\">Reflexions<\/a>            <\/a>\r\n        <\/div>\r\n    <\/div>\r\n\r\n    <!-- COLONNE 2 -->\r\n    <div class=\"cpl-col\">\r\n        <div>\r\n            \ud83c\udff7\ufe0f <a href=\"http:\/\/iserois.es\/tag\/engagements\/\">engagements<\/a> \ud83c\udff7\ufe0f <a href=\"http:\/\/iserois.es\/tag\/gauche\/\">gauche<\/a> \ud83c\udff7\ufe0f <a href=\"http:\/\/iserois.es\/tag\/grenoble\/\">Grenoble<\/a> \ud83c\udff7\ufe0f <a href=\"http:\/\/iserois.es\/tag\/municipale\/\">municipale<\/a> \ud83c\udff7\ufe0f <a href=\"http:\/\/iserois.es\/tag\/municipale2026\/\">municipale2026<\/a>         <\/div>\r\n    <\/div>\r\n\r\n    <!-- COLONNE 3 -->\r\n    <div class=\"cpl-col\">\r\n        <div>\r\n            \ud83d\udcac \r\n            <a href=\"http:\/\/iserois.es\/2025-12-01-la-ligne-de-crete\/#respond\">Aucun commentaire<\/a>        <\/div>\r\n    <\/div>\r\n\r\n<\/div>\r\n<\/article><article class=\"cpl-card\">\r\n\r\n    <h2 class=\"cpl-title\">\r\n        <a href=\"http:\/\/iserois.es\/2025-05-20-enfin-une-decision-a-la-hauteur-de-limperiosite-de-la-rue\/\">Enfin une d\u00e9cision \u00e0 la hauteur de l\u2019imp\u00e9riosit\u00e9 de la rue.<\/a>\r\n    <\/h2>\r\n\r\n    <div class=\"cpl-excerpt\">\r\n        <p>Il est des mots que l\u2019on emploie trop l\u00e9g\u00e8rement, et d\u2019autres que l\u2019on h\u00e9site \u00e0 affronter.<\/p>\n    <\/div>\r\n\r\n    <a class=\"cpl-readmore\" href=\"http:\/\/iserois.es\/2025-05-20-enfin-une-decision-a-la-hauteur-de-limperiosite-de-la-rue\/\">\r\n        Lire la suite\r\n    <\/a>\r\n\r\n    <div class=\"cpl-meta-box\">\r\n\r\n    <!-- COLONNE 1 -->\r\n    <div class=\"cpl-col\">\r\n        <div>\r\n            \ud83d\udc64 <a href=\"http:\/\/iserois.es\/2025-05-20-enfin-une-decision-a-la-hauteur-de-limperiosite-de-la-rue\/\">\r\n                St\u00e9phane Gemmani            <\/a>\r\n        <\/div>\r\n\r\n        <div>\r\n            \ud83d\udcc5 <a href=\"http:\/\/iserois.es\/2025-05-20-enfin-une-decision-a-la-hauteur-de-limperiosite-de-la-rue\/\">\r\n                20-05-2025            <\/a>\r\n        <\/div>\r\n\r\n        <div>\r\n            \ud83d\udcc2 <a href=\"http:\/\/iserois.es\/2025-05-20-enfin-une-decision-a-la-hauteur-de-limperiosite-de-la-rue\/\">\r\n                <a href=\"http:\/\/iserois.es\/category\/coup-de-coeur\/\" rel=\"category tag\">Coup de Coeur<\/a>            <\/a>\r\n        <\/div>\r\n    <\/div>\r\n\r\n    <!-- COLONNE 2 -->\r\n    <div class=\"cpl-col\">\r\n        <div>\r\n            \ud83c\udff7\ufe0f <a href=\"http:\/\/iserois.es\/tag\/grenoble\/\">Grenoble<\/a> \ud83c\udff7\ufe0f <a href=\"http:\/\/iserois.es\/tag\/hebergements\/\">h\u00e9bergements<\/a> \ud83c\udff7\ufe0f <a href=\"http:\/\/iserois.es\/tag\/imperieux\/\">imp\u00e9rieux<\/a> \ud83c\udff7\ufe0f <a href=\"http:\/\/iserois.es\/tag\/imperiosite\/\">imp\u00e9riosit\u00e9<\/a> \ud83c\udff7\ufe0f <a href=\"http:\/\/iserois.es\/tag\/requisition\/\">r\u00e9quisition<\/a> \ud83c\udff7\ufe0f <a href=\"http:\/\/iserois.es\/tag\/rue\/\">rue<\/a> \ud83c\udff7\ufe0f <a href=\"http:\/\/iserois.es\/tag\/sans-abri\/\">sans abri<\/a>         <\/div>\r\n    <\/div>\r\n\r\n    <!-- COLONNE 3 -->\r\n    <div class=\"cpl-col\">\r\n        <div>\r\n            \ud83d\udcac \r\n            <a href=\"http:\/\/iserois.es\/2025-05-20-enfin-une-decision-a-la-hauteur-de-limperiosite-de-la-rue\/#respond\">Aucun commentaire<\/a>        <\/div>\r\n    <\/div>\r\n\r\n<\/div>\r\n<\/article><\/div><div class=\"cpl-pagination\"><span aria-current=\"page\" class=\"page-numbers current\">1<\/span>\n<a class=\"page-numbers\" href=\"http:\/\/iserois.es\/page\/2\/?rest_route=%2Fwp%2Fv2%2Fpages%2F2653\">2<\/a>\n<a class=\"page-numbers\" href=\"http:\/\/iserois.es\/page\/3\/?rest_route=%2Fwp%2Fv2%2Fpages%2F2653\">3<\/a>\n<span class=\"page-numbers dots\">\u2026<\/span>\n<a class=\"page-numbers\" href=\"http:\/\/iserois.es\/page\/59\/?rest_route=%2Fwp%2Fv2%2Fpages%2F2653\">59<\/a>\n<a class=\"next page-numbers\" href=\"http:\/\/iserois.es\/page\/2\/?rest_route=%2Fwp%2Fv2%2Fpages%2F2653\">Suivant \u2192<\/a><\/div><\/div>\n\t\t\t\t\t\t<\/div>\n\t\t\t\t\t<\/div>\n\t\t\t\t<\/div>\n\t\t\t\t<\/div>\n\t\t","protected":false},"excerpt":{"rendered":"<p>MOT CL\u00c9 : GRENOBLE<\/p>\n","protected":false},"author":1,"featured_media":0,"parent":0,"menu_order":0,"comment_status":"closed","ping_status":"closed","template":"elementor_header_footer","meta":{"_eb_attr":"","footnotes":""},"class_list":["post-2653","page","type-page","status-publish","hentry"],"_links":{"self":[{"href":"http:\/\/iserois.es\/wp-json\/wp\/v2\/pages\/2653","targetHints":{"allow":["GET"]}}],"collection":[{"href":"http:\/\/iserois.es\/wp-json\/wp\/v2\/pages"}],"about":[{"href":"http:\/\/iserois.es\/wp-json\/wp\/v2\/types\/page"}],"author":[{"embeddable":true,"href":"http:\/\/iserois.es\/wp-json\/wp\/v2\/users\/1"}],"replies":[{"embeddable":true,"href":"http:\/\/iserois.es\/wp-json\/wp\/v2\/comments?post=2653"}],"version-history":[{"count":19,"href":"http:\/\/iserois.es\/wp-json\/wp\/v2\/pages\/2653\/revisions"}],"predecessor-version":[{"id":5449,"href":"http:\/\/iserois.es\/wp-json\/wp\/v2\/pages\/2653\/revisions\/5449"}],"wp:attachment":[{"href":"http:\/\/iserois.es\/wp-json\/wp\/v2\/media?parent=2653"}],"curies":[{"name":"wp","href":"https:\/\/api.w.org\/{rel}","templated":true}]}}