{"id":2693,"date":"2026-04-02T12:45:02","date_gmt":"2026-04-02T10:45:02","guid":{"rendered":"http:\/\/localhost\/la%20ligne%20de%20cr%C3%AAte\/?page_id=2693"},"modified":"2026-04-08T14:10:44","modified_gmt":"2026-04-08T12:10:44","slug":"dauphine-libere","status":"publish","type":"page","link":"http:\/\/iserois.es\/?page_id=2693","title":{"rendered":"Dauphin\u00e9 Lib\u00e9r\u00e9"},"content":{"rendered":"\t\t<div data-elementor-type=\"wp-page\" data-elementor-id=\"2693\" class=\"elementor elementor-2693\">\n\t\t\t\t<div class=\"elementor-element elementor-element-5ad7601 e-flex e-con-boxed e-con e-parent\" data-id=\"5ad7601\" data-element_type=\"container\" data-e-type=\"container\" id=\"page-top\" data-settings=\"{&quot;background_background&quot;:&quot;classic&quot;}\">\n\t\t\t\t\t<div class=\"e-con-inner\">\n\t\t<div class=\"elementor-element elementor-element-66d1723 e-con-full e-flex e-con e-child\" data-id=\"66d1723\" data-element_type=\"container\" data-e-type=\"container\">\n\t\t\t\t<div class=\"elementor-element elementor-element-32e9a7c elementor-icon-list--layout-traditional elementor-list-item-link-full_width elementor-widget elementor-widget-icon-list\" data-id=\"32e9a7c\" data-element_type=\"widget\" data-e-type=\"widget\" data-widget_type=\"icon-list.default\">\n\t\t\t\t\t\t\t<ul class=\"elementor-icon-list-items\">\n\t\t\t\t\t\t\t<li class=\"elementor-icon-list-item\">\n\t\t\t\t\t\t\t\t\t\t\t<span class=\"elementor-icon-list-icon\">\n\t\t\t\t\t\t\t<svg aria-hidden=\"true\" class=\"e-font-icon-svg e-fas-tags\" viewBox=\"0 0 640 512\" xmlns=\"http:\/\/www.w3.org\/2000\/svg\"><path d=\"M497.941 225.941L286.059 14.059A48 48 0 0 0 252.118 0H48C21.49 0 0 21.49 0 48v204.118a48 48 0 0 0 14.059 33.941l211.882 211.882c18.744 18.745 49.136 18.746 67.882 0l204.118-204.118c18.745-18.745 18.745-49.137 0-67.882zM112 160c-26.51 0-48-21.49-48-48s21.49-48 48-48 48 21.49 48 48-21.49 48-48 48zm513.941 133.823L421.823 497.941c-18.745 18.745-49.137 18.745-67.882 0l-.36-.36L527.64 323.522c16.999-16.999 26.36-39.6 26.36-63.64s-9.362-46.641-26.36-63.64L331.397 0h48.721a48 48 0 0 1 33.941 14.059l211.882 211.882c18.745 18.745 18.745 49.137 0 67.882z\"><\/path><\/svg>\t\t\t\t\t\t<\/span>\n\t\t\t\t\t\t\t\t\t\t<span class=\"elementor-icon-list-text\">MOT CL\u00c9 : DAUPHIN\u00c9 LIB\u00c9R\u00c9<\/span>\n\t\t\t\t\t\t\t\t\t<\/li>\n\t\t\t\t\t\t<\/ul>\n\t\t\t\t\t\t<\/div>\n\t\t\t\t<div class=\"elementor-element elementor-element-1a85031 elementor-view-framed elementor-shape-circle elementor-widget elementor-widget-icon\" data-id=\"1a85031\" data-element_type=\"widget\" data-e-type=\"widget\" data-widget_type=\"icon.default\">\n\t\t\t\t\t\t\t<div class=\"elementor-icon-wrapper\">\n\t\t\t<a class=\"elementor-icon\" href=\"#content\">\n\t\t\t<svg aria-hidden=\"true\" class=\"e-font-icon-svg e-fas-angle-double-down\" viewBox=\"0 0 320 512\" xmlns=\"http:\/\/www.w3.org\/2000\/svg\"><path d=\"M143 256.3L7 120.3c-9.4-9.4-9.4-24.6 0-33.9l22.6-22.6c9.4-9.4 24.6-9.4 33.9 0l96.4 96.4 96.4-96.4c9.4-9.4 24.6-9.4 33.9 0L313 86.3c9.4 9.4 9.4 24.6 0 33.9l-136 136c-9.4 9.5-24.6 9.5-34 .1zm34 192l136-136c9.4-9.4 9.4-24.6 0-33.9l-22.6-22.6c-9.4-9.4-24.6-9.4-33.9 0L160 352.1l-96.4-96.4c-9.4-9.4-24.6-9.4-33.9 0L7 278.3c-9.4 9.4-9.4 24.6 0 33.9l136 136c9.4 9.5 24.6 9.5 34 .1z\"><\/path><\/svg>\t\t\t<\/a>\n\t\t<\/div>\n\t\t\t\t\t\t<\/div>\n\t\t\t\t<\/div>\n\t\t\t\t\t<\/div>\n\t\t\t\t<\/div>\n\t\t<div class=\"elementor-element elementor-element-f762d3c e-flex e-con-boxed e-con e-parent\" data-id=\"f762d3c\" data-element_type=\"container\" data-e-type=\"container\" id=\"content\">\n\t\t\t\t\t<div class=\"e-con-inner\">\n\t\t\t\t<div class=\"elementor-element elementor-element-61a6c1d elementor-widget elementor-widget-shortcode\" data-id=\"61a6c1d\" data-element_type=\"widget\" data-e-type=\"widget\" data-widget_type=\"shortcode.default\">\n\t\t\t\t\t\t\t<div class=\"elementor-shortcode\"><div class=\"cpl-container\"><article class=\"cpl-card\">\r\n\r\n    <h2 class=\"cpl-title\">\r\n        <a href=\"http:\/\/iserois.es\/?p=3566\">Dauphin\u00e9 Lib\u00e9r\u00e9 du 31 mai 2022<\/a>\r\n    <\/h2>\r\n\r\n    <div class=\"cpl-excerpt\">\r\n        <p>Retour sur l\u2019article du 31 mai dernier, dans les colonnes du Dauphin\u00e9 Lib\u00e9r\u00e9 Grenoble et Sud-Is\u00e8re, avec l&rsquo;autorisation exceptionnelle d\u2019Eve Moulinier<\/p>\n    <\/div>\r\n\r\n    <a class=\"cpl-readmore\" href=\"http:\/\/iserois.es\/?p=3566\">\r\n        Lire la suite\r\n    <\/a>\r\n\r\n    <div class=\"cpl-meta-box\">\r\n\r\n    <!-- COLONNE 1 -->\r\n    <div class=\"cpl-col\">\r\n        <div>\r\n            \ud83d\udc64 <a href=\"http:\/\/iserois.es\/?p=3566\">\r\n                St\u00e9phane Gemmani            <\/a>\r\n        <\/div>\r\n\r\n        <div>\r\n            \ud83d\udcc5 <a href=\"http:\/\/iserois.es\/?p=3566\">\r\n                10-06-2022            <\/a>\r\n        <\/div>\r\n\r\n        <div>\r\n            \ud83d\udcc2 <a href=\"http:\/\/iserois.es\/?p=3566\">\r\n                <a href=\"http:\/\/iserois.es\/?cat=1215\" rel=\"category\">L\u00e9gislative<\/a>            <\/a>\r\n        <\/div>\r\n    <\/div>\r\n\r\n    <!-- COLONNE 2 -->\r\n    <div class=\"cpl-col\">\r\n        <div>\r\n            \ud83c\udff7\ufe0f <a href=\"http:\/\/iserois.es\/?tag=dauphine-libere\">Dauphin\u00e9 Lib\u00e9r\u00e9<\/a> \ud83c\udff7\ufe0f <a href=\"http:\/\/iserois.es\/?tag=eve-moulinier\">Eve MOULINIER<\/a>         <\/div>\r\n    <\/div>\r\n\r\n    <!-- COLONNE 3 -->\r\n    <div class=\"cpl-col\">\r\n        <div>\r\n            \ud83d\udcac \r\n            <a href=\"http:\/\/iserois.es\/?p=3566#respond\">Aucun commentaire<\/a>        <\/div>\r\n    <\/div>\r\n\r\n<\/div>\r\n<\/article><article class=\"cpl-card\">\r\n\r\n    <h2 class=\"cpl-title\">\r\n        <a href=\"http:\/\/iserois.es\/?p=3548\">Un d\u00e9put\u00e9 qui vous ressemble<\/a>\r\n    <\/h2>\r\n\r\n    <div class=\"cpl-excerpt\">\r\n        <p>Les 12 et 19 juin prochain, avec Marie Belakhovsky, je solliciterai votre suffrage pour vous repr\u00e9senter \u00e0 l\u2019Assembl\u00e9e Nationale et \u00eatre, pour les cinq ann\u00e9es qui viennent, votre d\u00e9put\u00e9.<\/p>\n    <\/div>\r\n\r\n    <a class=\"cpl-readmore\" href=\"http:\/\/iserois.es\/?p=3548\">\r\n        Lire la suite\r\n    <\/a>\r\n\r\n    <div class=\"cpl-meta-box\">\r\n\r\n    <!-- COLONNE 1 -->\r\n    <div class=\"cpl-col\">\r\n        <div>\r\n            \ud83d\udc64 <a href=\"http:\/\/iserois.es\/?p=3548\">\r\n                St\u00e9phane Gemmani            <\/a>\r\n        <\/div>\r\n\r\n        <div>\r\n            \ud83d\udcc5 <a href=\"http:\/\/iserois.es\/?p=3548\">\r\n                24-05-2022            <\/a>\r\n        <\/div>\r\n\r\n        <div>\r\n            \ud83d\udcc2 <a href=\"http:\/\/iserois.es\/?p=3548\">\r\n                <a href=\"http:\/\/iserois.es\/?cat=1215\" rel=\"category\">L\u00e9gislative<\/a>            <\/a>\r\n        <\/div>\r\n    <\/div>\r\n\r\n    <!-- COLONNE 2 -->\r\n    <div class=\"cpl-col\">\r\n        <div>\r\n            \ud83c\udff7\ufe0f <a href=\"http:\/\/iserois.es\/?tag=accessibilite-universelles\">accessibilit\u00e9 universelles<\/a> \ud83c\udff7\ufe0f <a href=\"http:\/\/iserois.es\/?tag=aides-soignants\">aides-soignants<\/a> \ud83c\udff7\ufe0f <a href=\"http:\/\/iserois.es\/?tag=animaux\">animaux<\/a> \ud83c\udff7\ufe0f <a href=\"http:\/\/iserois.es\/?tag=assemblee\">assembl\u00e9e<\/a> \ud83c\udff7\ufe0f <a href=\"http:\/\/iserois.es\/?tag=circonscription\">circonscription<\/a> \ud83c\udff7\ufe0f <a href=\"http:\/\/iserois.es\/?tag=dauphine-libere\">Dauphin\u00e9 Lib\u00e9r\u00e9<\/a> \ud83c\udff7\ufe0f <a href=\"http:\/\/iserois.es\/?tag=democratie-participative\">d\u00e9mocratie participative<\/a> \ud83c\udff7\ufe0f <a href=\"http:\/\/iserois.es\/?tag=depute\">d\u00e9put\u00e9<\/a> \ud83c\udff7\ufe0f <a href=\"http:\/\/iserois.es\/?tag=deserts-medicaux\">d\u00e9serts m\u00e9dicaux<\/a> \ud83c\udff7\ufe0f <a href=\"http:\/\/iserois.es\/?tag=droit-fondamental\">droit fondamental<\/a> \ud83c\udff7\ufe0f <a href=\"http:\/\/iserois.es\/?tag=ecocide\">\u00e9cocide<\/a> \ud83c\udff7\ufe0f <a href=\"http:\/\/iserois.es\/?tag=ecologie-populaire\">\u00e9cologie populaire<\/a> \ud83c\udff7\ufe0f <a href=\"http:\/\/iserois.es\/?tag=education\">\u00e9ducation<\/a> \ud83c\udff7\ufe0f <a href=\"http:\/\/iserois.es\/?tag=egalite\">\u00e9galit\u00e9<\/a> \ud83c\udff7\ufe0f <a href=\"http:\/\/iserois.es\/?tag=enfants\">enfants<\/a> \ud83c\udff7\ufe0f <a href=\"http:\/\/iserois.es\/?tag=eve-moulinier\">Eve MOULINIER<\/a> \ud83c\udff7\ufe0f <a href=\"http:\/\/iserois.es\/?tag=grande-precarite\">grande pr\u00e9carit\u00e9<\/a> \ud83c\udff7\ufe0f <a href=\"http:\/\/iserois.es\/?tag=hebergement-d-urgence\">h\u00e9bergement d urgence<\/a> \ud83c\udff7\ufe0f <a href=\"http:\/\/iserois.es\/?tag=inclusion\">inclusion<\/a> \ud83c\udff7\ufe0f <a href=\"http:\/\/iserois.es\/?tag=infirmiers\">infirmiers<\/a> \ud83c\udff7\ufe0f <a href=\"http:\/\/iserois.es\/?tag=isere\">Is\u00e8re<\/a> \ud83c\udff7\ufe0f <a href=\"http:\/\/iserois.es\/?tag=legislative\">l\u00e9gislative<\/a> \ud83c\udff7\ufe0f <a href=\"http:\/\/iserois.es\/?tag=maltraitances\">maltraitances<\/a> \ud83c\udff7\ufe0f <a href=\"http:\/\/iserois.es\/?tag=michael-delafosse\">Micha\u00ebl Delafosse<\/a> \ud83c\udff7\ufe0f <a href=\"http:\/\/iserois.es\/?tag=montpellier\">Montpellier<\/a> \ud83c\udff7\ufe0f <a href=\"http:\/\/iserois.es\/?tag=mourir-dans-la-dignite\">mourir dans la dignit\u00e9<\/a> \ud83c\udff7\ufe0f <a href=\"http:\/\/iserois.es\/?tag=nationale\">nationale<\/a> \ud83c\udff7\ufe0f <a href=\"http:\/\/iserois.es\/?tag=participation\">participation<\/a> \ud83c\udff7\ufe0f <a href=\"http:\/\/iserois.es\/?tag=participation-civile\">participation civile<\/a> \ud83c\udff7\ufe0f <a href=\"http:\/\/iserois.es\/?tag=retraite\">retraite<\/a> \ud83c\udff7\ufe0f <a href=\"http:\/\/iserois.es\/?tag=sans-abrisme\">sans-abrisme<\/a> \ud83c\udff7\ufe0f <a href=\"http:\/\/iserois.es\/?tag=sante-mentale\">sant\u00e9 mentale<\/a> \ud83c\udff7\ufe0f <a href=\"http:\/\/iserois.es\/?tag=securite\">s\u00e9curit\u00e9<\/a> \ud83c\udff7\ufe0f <a href=\"http:\/\/iserois.es\/?tag=solidarites\">solidarit\u00e9s<\/a> \ud83c\udff7\ufe0f <a href=\"http:\/\/iserois.es\/?tag=sports\">sports<\/a> \ud83c\udff7\ufe0f <a href=\"http:\/\/iserois.es\/?tag=troisieme\">troisi\u00e8me<\/a> \ud83c\udff7\ufe0f <a href=\"http:\/\/iserois.es\/?tag=vieillir\">vieillir<\/a>         <\/div>\r\n    <\/div>\r\n\r\n    <!-- COLONNE 3 -->\r\n    <div class=\"cpl-col\">\r\n        <div>\r\n            \ud83d\udcac \r\n            <a href=\"http:\/\/iserois.es\/?p=3548#respond\">Aucun commentaire<\/a>        <\/div>\r\n    <\/div>\r\n\r\n<\/div>\r\n<\/article><article class=\"cpl-card\">\r\n\r\n    <h2 class=\"cpl-title\">\r\n        <a href=\"http:\/\/iserois.es\/?p=3544\">\u00ab\u00a0Je n\u2019ai de le\u00e7ons \u00e0 recevoir de personne&#8230;\u00a0\u00bb<\/a>\r\n    <\/h2>\r\n\r\n    <div class=\"cpl-excerpt\">\r\n        <p>C\u2019\u00e9tait le 27 d\u00e9cembre dernier, mon interview par <strong><a href=\"http:\/\/iserois.es\/?tag=eve-moulinier\" class=\"tag-link\">Eve Moulinier<\/a><\/strong> reproduit ici en int\u00e9gralit\u00e9 avec l\u2019aimable autorisation du Dauphin\u00e9 Lib\u00e9r\u00e9.<\/p>\n    <\/div>\r\n\r\n    <a class=\"cpl-readmore\" href=\"http:\/\/iserois.es\/?p=3544\">\r\n        Lire la suite\r\n    <\/a>\r\n\r\n    <div class=\"cpl-meta-box\">\r\n\r\n    <!-- COLONNE 1 -->\r\n    <div class=\"cpl-col\">\r\n        <div>\r\n            \ud83d\udc64 <a href=\"http:\/\/iserois.es\/?p=3544\">\r\n                St\u00e9phane Gemmani            <\/a>\r\n        <\/div>\r\n\r\n        <div>\r\n            \ud83d\udcc5 <a href=\"http:\/\/iserois.es\/?p=3544\">\r\n                05-01-2020            <\/a>\r\n        <\/div>\r\n\r\n        <div>\r\n            \ud83d\udcc2 <a href=\"http:\/\/iserois.es\/?p=3544\">\r\n                <a href=\"http:\/\/iserois.es\/?cat=1211\" rel=\"category\">Reflexions<\/a>            <\/a>\r\n        <\/div>\r\n    <\/div>\r\n\r\n    <!-- COLONNE 2 -->\r\n    <div class=\"cpl-col\">\r\n        <div>\r\n            \ud83c\udff7\ufe0f <a href=\"http:\/\/iserois.es\/?tag=dauphine-libere\">Dauphin\u00e9 Lib\u00e9r\u00e9<\/a> \ud83c\udff7\ufe0f <a href=\"http:\/\/iserois.es\/?tag=elections-municipales\">\u00e9lections municipales<\/a> \ud83c\udff7\ufe0f <a href=\"http:\/\/iserois.es\/?tag=eve-moulinier\">Eve MOULINIER<\/a> \ud83c\udff7\ufe0f <a href=\"http:\/\/iserois.es\/?tag=grenoble\">Grenoble<\/a> \ud83c\udff7\ufe0f <a href=\"http:\/\/iserois.es\/?tag=grenoble-nouvel-air\">Grenoble Nouvel Air<\/a> \ud83c\udff7\ufe0f <a href=\"http:\/\/iserois.es\/?tag=grenoble2020\">Grenoble2020<\/a> \ud83c\udff7\ufe0f <a href=\"http:\/\/iserois.es\/?tag=noblecourt\">Noblecourt<\/a>         <\/div>\r\n    <\/div>\r\n\r\n    <!-- COLONNE 3 -->\r\n    <div class=\"cpl-col\">\r\n        <div>\r\n            \ud83d\udcac \r\n            <a href=\"http:\/\/iserois.es\/?p=3544#respond\">Aucun commentaire<\/a>        <\/div>\r\n    <\/div>\r\n\r\n<\/div>\r\n<\/article><article class=\"cpl-card\">\r\n\r\n    <h2 class=\"cpl-title\">\r\n        <a href=\"http:\/\/iserois.es\/?p=3529\">Un premier Grand D\u00e9bat qui pourrait en initier d\u2019autres<\/a>\r\n    <\/h2>\r\n\r\n    <div class=\"cpl-excerpt\">\r\n        <p>Dans le cadre de l\u2019\u00e9v\u00e9nement, initi\u00e9 par le pr\u00e9sident de la R\u00e9publique, qui se d\u00e9roulera jusqu\u2019au 15 mars dans tout le pays.<\/p>\n    <\/div>\r\n\r\n    <a class=\"cpl-readmore\" href=\"http:\/\/iserois.es\/?p=3529\">\r\n        Lire la suite\r\n    <\/a>\r\n\r\n    <div class=\"cpl-meta-box\">\r\n\r\n    <!-- COLONNE 1 -->\r\n    <div class=\"cpl-col\">\r\n        <div>\r\n            \ud83d\udc64 <a href=\"http:\/\/iserois.es\/?p=3529\">\r\n                St\u00e9phane Gemmani            <\/a>\r\n        <\/div>\r\n\r\n        <div>\r\n            \ud83d\udcc5 <a href=\"http:\/\/iserois.es\/?p=3529\">\r\n                08-02-2019            <\/a>\r\n        <\/div>\r\n\r\n        <div>\r\n            \ud83d\udcc2 <a href=\"http:\/\/iserois.es\/?p=3529\">\r\n                <a href=\"http:\/\/iserois.es\/?cat=1212\" rel=\"category\">Propositions<\/a>            <\/a>\r\n        <\/div>\r\n    <\/div>\r\n\r\n    <!-- COLONNE 2 -->\r\n    <div class=\"cpl-col\">\r\n        <div>\r\n            \ud83c\udff7\ufe0f <a href=\"http:\/\/iserois.es\/?tag=dauphine-libere\">Dauphin\u00e9 Lib\u00e9r\u00e9<\/a> \ud83c\udff7\ufe0f <a href=\"http:\/\/iserois.es\/?tag=grand-debat\">Grand D\u00e9bat<\/a> \ud83c\udff7\ufe0f <a href=\"http:\/\/iserois.es\/?tag=grenoble\">Grenoble<\/a>         <\/div>\r\n    <\/div>\r\n\r\n    <!-- COLONNE 3 -->\r\n    <div class=\"cpl-col\">\r\n        <div>\r\n            \ud83d\udcac \r\n            <a href=\"http:\/\/iserois.es\/?p=3529#respond\">Aucun commentaire<\/a>        <\/div>\r\n    <\/div>\r\n\r\n<\/div>\r\n<\/article><article class=\"cpl-card\">\r\n\r\n    <h2 class=\"cpl-title\">\r\n        <a href=\"http:\/\/iserois.es\/?p=3520\">\u00ab On peut parler de s\u00e9curit\u00e9, m\u00eame quand on est de gauche ! \u00bb<\/a>\r\n    <\/h2>\r\n\r\n    <div class=\"cpl-excerpt\">\r\n        <p>C\u2019\u00e9tait en mars dernier\u2026 Le conseiller r\u00e9gional St\u00e9phane Gemmani (centre) invitait la presse locale pour pr\u00e9senter l\u2019\u00e9quipe de Grenoble 2020 et ses travaux pour la pr\u00e9paration des prochaines \u00e9lections municipales sur Grenoble.<\/p>\n    <\/div>\r\n\r\n    <a class=\"cpl-readmore\" href=\"http:\/\/iserois.es\/?p=3520\">\r\n        Lire la suite\r\n    <\/a>\r\n\r\n    <div class=\"cpl-meta-box\">\r\n\r\n    <!-- COLONNE 1 -->\r\n    <div class=\"cpl-col\">\r\n        <div>\r\n            \ud83d\udc64 <a href=\"http:\/\/iserois.es\/?p=3520\">\r\n                St\u00e9phane Gemmani            <\/a>\r\n        <\/div>\r\n\r\n        <div>\r\n            \ud83d\udcc5 <a href=\"http:\/\/iserois.es\/?p=3520\">\r\n                03-09-2018            <\/a>\r\n        <\/div>\r\n\r\n        <div>\r\n            \ud83d\udcc2 <a href=\"http:\/\/iserois.es\/?p=3520\">\r\n                <a href=\"http:\/\/iserois.es\/?cat=1214\" rel=\"category\">Grenoble2020.org<\/a>            <\/a>\r\n        <\/div>\r\n    <\/div>\r\n\r\n    <!-- COLONNE 2 -->\r\n    <div class=\"cpl-col\">\r\n        <div>\r\n            \ud83c\udff7\ufe0f <a href=\"http:\/\/iserois.es\/?tag=dauphine-libere\">Dauphin\u00e9 Lib\u00e9r\u00e9<\/a> \ud83c\udff7\ufe0f <a href=\"http:\/\/iserois.es\/?tag=eve-moulinier\">Eve MOULINIER<\/a> \ud83c\udff7\ufe0f <a href=\"http:\/\/iserois.es\/?tag=grenoble-democrates\">Grenoble D\u00e9mocrates<\/a> \ud83c\udff7\ufe0f <a href=\"http:\/\/iserois.es\/?tag=grenoble2020\">Grenoble2020<\/a> \ud83c\udff7\ufe0f <a href=\"http:\/\/iserois.es\/?tag=municipale\">municipale<\/a> \ud83c\udff7\ufe0f <a href=\"http:\/\/iserois.es\/?tag=piolle\">Piolle<\/a> \ud83c\udff7\ufe0f <a href=\"http:\/\/iserois.es\/?tag=securite\">s\u00e9curit\u00e9<\/a>         <\/div>\r\n    <\/div>\r\n\r\n    <!-- COLONNE 3 -->\r\n    <div class=\"cpl-col\">\r\n        <div>\r\n            \ud83d\udcac \r\n            <a href=\"http:\/\/iserois.es\/?p=3520#respond\">Aucun commentaire<\/a>        <\/div>\r\n    <\/div>\r\n\r\n<\/div>\r\n<\/article><\/div><div class=\"cpl-pagination\"><span aria-current=\"page\" class=\"page-numbers current\">1<\/span>\n<a class=\"page-numbers\" href=\"http:\/\/iserois.es\/index.php?rest_route=%2Fwp%2Fv2%2Fpages%2F2693&#038;paged=2\">2<\/a>\n<a class=\"page-numbers\" href=\"http:\/\/iserois.es\/index.php?rest_route=%2Fwp%2Fv2%2Fpages%2F2693&#038;paged=3\">3<\/a>\n<span class=\"page-numbers dots\">\u2026<\/span>\n<a class=\"page-numbers\" href=\"http:\/\/iserois.es\/index.php?rest_route=%2Fwp%2Fv2%2Fpages%2F2693&#038;paged=14\">14<\/a>\n<a class=\"next page-numbers\" href=\"http:\/\/iserois.es\/index.php?rest_route=%2Fwp%2Fv2%2Fpages%2F2693&#038;paged=2\">Suivant \u2192<\/a><\/div><\/div>\n\t\t\t\t\t\t<\/div>\n\t\t\t\t\t<\/div>\n\t\t\t\t<\/div>\n\t\t\t\t<\/div>\n\t\t","protected":false},"excerpt":{"rendered":"<p>MOT CL\u00c9 : DAUPHIN\u00c9 LIB\u00c9R\u00c9<\/p>\n","protected":false},"author":1,"featured_media":0,"parent":0,"menu_order":0,"comment_status":"closed","ping_status":"closed","template":"elementor_header_footer","meta":{"_eb_attr":"","footnotes":""},"class_list":["post-2693","page","type-page","status-publish","hentry"],"_links":{"self":[{"href":"http:\/\/iserois.es\/index.php?rest_route=\/wp\/v2\/pages\/2693","targetHints":{"allow":["GET"]}}],"collection":[{"href":"http:\/\/iserois.es\/index.php?rest_route=\/wp\/v2\/pages"}],"about":[{"href":"http:\/\/iserois.es\/index.php?rest_route=\/wp\/v2\/types\/page"}],"author":[{"embeddable":true,"href":"http:\/\/iserois.es\/index.php?rest_route=\/wp\/v2\/users\/1"}],"replies":[{"embeddable":true,"href":"http:\/\/iserois.es\/index.php?rest_route=%2Fwp%2Fv2%2Fcomments&post=2693"}],"version-history":[{"count":22,"href":"http:\/\/iserois.es\/index.php?rest_route=\/wp\/v2\/pages\/2693\/revisions"}],"predecessor-version":[{"id":5446,"href":"http:\/\/iserois.es\/index.php?rest_route=\/wp\/v2\/pages\/2693\/revisions\/5446"}],"wp:attachment":[{"href":"http:\/\/iserois.es\/index.php?rest_route=%2Fwp%2Fv2%2Fmedia&parent=2693"}],"curies":[{"name":"wp","href":"https:\/\/api.w.org\/{rel}","templated":true}]}}